{"id":64,"date":"2025-01-28T19:29:10","date_gmt":"2025-01-28T19:29:10","guid":{"rendered":"https:\/\/biennedarts.ch\/wordpress\/?page_id=64"},"modified":"2025-01-28T19:29:10","modified_gmt":"2025-01-28T19:29:10","slug":"datenschutzerklaerung","status":"publish","type":"page","link":"https:\/\/biennedarts.ch\/wordpress\/index.php\/datenschutzerklaerung\/","title":{"rendered":"Datenschutzerkl\u00e4rung"},"content":{"rendered":"\n<p>Der Schutz Ihrer pers\u00f6nlichen Daten ist uns ein wichtiges Anliegen. Wir, Bienne Darts, verarbeiten Ihre Daten gem\u00e4\u00df den geltenden gesetzlichen Vorschriften zum Datenschutz. Nachfolgend informieren wir Sie dar\u00fcber, wie wir mit personenbezogenen Daten auf unserer Webseite umgehen.<\/p>\n\n\n\n<h3 class=\"wp-block-heading\"><strong>Verantwortliche Stelle<\/strong><\/h3>\n\n\n\n<p>Bienne Darts<br>2503 Biel\/Bienne<\/p>\n\n\n\n<h3 class=\"wp-block-heading\"><strong>Erhobene Daten<\/strong><\/h3>\n\n\n\n<p>Wir verarbeiten folgende personenbezogenen Daten:<\/p>\n\n\n\n<ul class=\"wp-block-list\">\n<li>Daten, die Sie uns \u00fcber Kontaktformulare zur Verf\u00fcgung stellen (Name, E-Mail-Adresse, Telefonnummer).<\/li>\n\n\n\n<li>Automatisch erhobene Daten, wie Ihre IP-Adresse oder verwendete Cookies<\/li>\n<\/ul>\n\n\n\n<h3 class=\"wp-block-heading\"><strong>Zweck der Datenverarbeitung<\/strong><\/h3>\n\n\n\n<p>Wir nutzen Ihre Daten f\u00fcr:<\/p>\n\n\n\n<ul class=\"wp-block-list\">\n<li>Bearbeitung von Anfragen.<\/li>\n\n\n\n<li>Versand von Newslettern (nur nach Ihrer Einwilligung).<\/li>\n\n\n\n<li>Analyse und Verbesserung der Webseite (z. B. durch Cookies).<\/li>\n<\/ul>\n\n\n\n<h3 class=\"wp-block-heading\"><strong>Weitergabe an Dritte<\/strong><\/h3>\n\n\n\n<p>Ihre Daten werden nicht ohne Ihre ausdr\u00fcckliche Zustimmung an Dritte weitergegeben. Ausgenommen hiervon sind Dienstleister, die wir f\u00fcr den Betrieb der Webseite nutzen (z. B. Hosting-Provider).<\/p>\n\n\n\n<h3 class=\"wp-block-heading\"><strong>Rechte der Nutzer<\/strong><\/h3>\n\n\n\n<p>Sie haben das Recht, Auskunft \u00fcber Ihre gespeicherten Daten zu verlangen, diese zu berichtigen, zu l\u00f6schen oder der Verarbeitung zu widersprechen.<\/p>\n\n\n\n<h3 class=\"wp-block-heading\"><strong>Cookies und Tracking<\/strong><\/h3>\n\n\n\n<p>Diese Webseite verwendet Cookies, um die Nutzung zu analysieren und Inhalte zu verbessern. Sie k\u00f6nnen Cookies in Ihrem Browser deaktivieren.<\/p>\n\n\n\n<h3 class=\"wp-block-heading\"><strong>Speicherdauer<\/strong><\/h3>\n\n\n\n<p>Wir speichern Ihre Daten nur so lange, wie dies f\u00fcr die oben genannten Zwecke erforderlich ist.<\/p>\n\n\n\n<p><strong>Kontakt<\/strong><\/p>\n\n\n\n<h3 class=\"wp-block-heading\">Bei Fragen zur Verarbeitung Ihrer Daten erreichen Sie uns unter darts @ biennedarts.ch.<\/h3>\n","protected":false},"excerpt":{"rendered":"<p>Der Schutz Ihrer pers\u00f6nlichen Daten ist uns ein wichtiges Anliegen. Wir, Bienne Darts, verarbeiten Ihre Daten gem\u00e4\u00df den geltenden gesetzlichen Vorschriften zum Datenschutz. Nachfolgend informieren wir Sie dar\u00fcber, wie wir [&hellip;]<\/p>\n","protected":false},"author":1,"featured_media":0,"parent":0,"menu_order":0,"comment_status":"closed","ping_status":"closed","template":"","meta":{"_EventAllDay":false,"_EventTimezone":"","_EventStartDate":"","_EventEndDate":"","_EventStartDateUTC":"","_EventEndDateUTC":"","_EventShowMap":false,"_EventShowMapLink":false,"_EventURL":"","_EventCost":"","_EventCostDescription":"","_EventCurrencySymbol":"","_EventCurrencyCode":"","_EventCurrencyPosition":"","_EventDateTimeSeparator":"","_EventTimeRangeSeparator":"","_EventOrganizerID":[],"_EventVenueID":[],"_OrganizerEmail":"","_OrganizerPhone":"","_OrganizerWebsite":"","_VenueAddress":"","_VenueCity":"","_VenueCountry":"","_VenueProvince":"","_VenueState":"","_VenueZip":"","_VenuePhone":"","_VenueURL":"","_VenueStateProvince":"","_VenueLat":"","_VenueLng":"","_VenueShowMap":false,"_VenueShowMapLink":false,"footnotes":""},"class_list":["post-64","page","type-page","status-publish","hentry"],"_links":{"self":[{"href":"https:\/\/biennedarts.ch\/wordpress\/index.php\/wp-json\/wp\/v2\/pages\/64","targetHints":{"allow":["GET"]}}],"collection":[{"href":"https:\/\/biennedarts.ch\/wordpress\/index.php\/wp-json\/wp\/v2\/pages"}],"about":[{"href":"https:\/\/biennedarts.ch\/wordpress\/index.php\/wp-json\/wp\/v2\/types\/page"}],"author":[{"embeddable":true,"href":"https:\/\/biennedarts.ch\/wordpress\/index.php\/wp-json\/wp\/v2\/users\/1"}],"replies":[{"embeddable":true,"href":"https:\/\/biennedarts.ch\/wordpress\/index.php\/wp-json\/wp\/v2\/comments?post=64"}],"version-history":[{"count":1,"href":"https:\/\/biennedarts.ch\/wordpress\/index.php\/wp-json\/wp\/v2\/pages\/64\/revisions"}],"predecessor-version":[{"id":66,"href":"https:\/\/biennedarts.ch\/wordpress\/index.php\/wp-json\/wp\/v2\/pages\/64\/revisions\/66"}],"wp:attachment":[{"href":"https:\/\/biennedarts.ch\/wordpress\/index.php\/wp-json\/wp\/v2\/media?parent=64"}],"curies":[{"name":"wp","href":"https:\/\/api.w.org\/{rel}","templated":true}]}}