{"id":60,"date":"2025-01-28T19:21:33","date_gmt":"2025-01-28T19:21:33","guid":{"rendered":"https:\/\/biennedarts.ch\/wordpress\/?page_id=60"},"modified":"2025-01-28T19:21:33","modified_gmt":"2025-01-28T19:21:33","slug":"haftungsausschluss","status":"publish","type":"page","link":"https:\/\/biennedarts.ch\/wordpress\/index.php\/haftungsausschluss\/","title":{"rendered":"Haftungsausschluss"},"content":{"rendered":"\n<h3 class=\"wp-block-heading\"><strong>Haftungsausschluss<\/strong><\/h3>\n\n\n\n<p>Alle Inhalte auf dieser Webseite wurden sorgf\u00e4ltig erstellt und \u00fcberpr\u00fcft. Bienne Darts \u00fcbernimmt jedoch keine Haftung f\u00fcr die Vollst\u00e4ndigkeit, Richtigkeit und Aktualit\u00e4t der bereitgestellten Informationen. Links zu externen Webseiten unterliegen der Verantwortung der jeweiligen Betreiber.<\/p>\n\n\n\n<h3 class=\"wp-block-heading\"><strong>Urheberrecht<\/strong><\/h3>\n\n\n\n<p>Die Inhalte und Werke auf dieser Webseite (Texte, Bilder, Grafiken, Videos, Logos, Designs usw.) unterliegen dem Urheberrecht und sind Eigentum von Bienne Darts oder der jeweils genannten Rechteinhaber. Eine Vervielf\u00e4ltigung, Bearbeitung, Verbreitung oder jede Art der Verwertung au\u00dferhalb der Grenzen des Urheberrechts ist ohne vorherige schriftliche Zustimmung des Vereins nicht gestattet.<\/p>\n\n\n\n<p>F\u00fcr Inhalte Dritter (z. B. eingebettete Videos oder Fotos von Partnern) liegen die Urheberrechte bei den jeweiligen Rechteinhabern. Sollten Sie trotzdem eine Urheberrechtsverletzung feststellen, bitten wir um einen entsprechenden Hinweis. Wir werden solche Inhalte umgehend entfernen.<\/p>\n","protected":false},"excerpt":{"rendered":"<p>Haftungsausschluss Alle Inhalte auf dieser Webseite wurden sorgf\u00e4ltig erstellt und \u00fcberpr\u00fcft. Bienne Darts \u00fcbernimmt jedoch keine Haftung f\u00fcr die Vollst\u00e4ndigkeit, Richtigkeit und Aktualit\u00e4t der bereitgestellten Informationen. Links zu externen Webseiten [&hellip;]<\/p>\n","protected":false},"author":1,"featured_media":0,"parent":0,"menu_order":0,"comment_status":"closed","ping_status":"closed","template":"","meta":{"_EventAllDay":false,"_EventTimezone":"","_EventStartDate":"","_EventEndDate":"","_EventStartDateUTC":"","_EventEndDateUTC":"","_EventShowMap":false,"_EventShowMapLink":false,"_EventURL":"","_EventCost":"","_EventCostDescription":"","_EventCurrencySymbol":"","_EventCurrencyCode":"","_EventCurrencyPosition":"","_EventDateTimeSeparator":"","_EventTimeRangeSeparator":"","_EventOrganizerID":[],"_EventVenueID":[],"_OrganizerEmail":"","_OrganizerPhone":"","_OrganizerWebsite":"","_VenueAddress":"","_VenueCity":"","_VenueCountry":"","_VenueProvince":"","_VenueState":"","_VenueZip":"","_VenuePhone":"","_VenueURL":"","_VenueStateProvince":"","_VenueLat":"","_VenueLng":"","_VenueShowMap":false,"_VenueShowMapLink":false,"footnotes":""},"class_list":["post-60","page","type-page","status-publish","hentry"],"_links":{"self":[{"href":"https:\/\/biennedarts.ch\/wordpress\/index.php\/wp-json\/wp\/v2\/pages\/60","targetHints":{"allow":["GET"]}}],"collection":[{"href":"https:\/\/biennedarts.ch\/wordpress\/index.php\/wp-json\/wp\/v2\/pages"}],"about":[{"href":"https:\/\/biennedarts.ch\/wordpress\/index.php\/wp-json\/wp\/v2\/types\/page"}],"author":[{"embeddable":true,"href":"https:\/\/biennedarts.ch\/wordpress\/index.php\/wp-json\/wp\/v2\/users\/1"}],"replies":[{"embeddable":true,"href":"https:\/\/biennedarts.ch\/wordpress\/index.php\/wp-json\/wp\/v2\/comments?post=60"}],"version-history":[{"count":1,"href":"https:\/\/biennedarts.ch\/wordpress\/index.php\/wp-json\/wp\/v2\/pages\/60\/revisions"}],"predecessor-version":[{"id":62,"href":"https:\/\/biennedarts.ch\/wordpress\/index.php\/wp-json\/wp\/v2\/pages\/60\/revisions\/62"}],"wp:attachment":[{"href":"https:\/\/biennedarts.ch\/wordpress\/index.php\/wp-json\/wp\/v2\/media?parent=60"}],"curies":[{"name":"wp","href":"https:\/\/api.w.org\/{rel}","templated":true}]}}